{"id":49,"date":"2016-09-15T15:41:34","date_gmt":"2016-09-15T13:41:34","guid":{"rendered":"http:\/\/javor-prijedor.com\/?page_id=49"},"modified":"2017-06-22T09:03:39","modified_gmt":"2017-06-22T07:03:39","slug":"sanski-most","status":"publish","type":"page","link":"http:\/\/javor-prijedor.com\/index.php\/prodajna-mjesta\/sanski-most\/","title":{"rendered":"Sanski Most"},"content":{"rendered":"<p><strong>SALON NAMJE\u0160TAJA:<\/strong><\/p>\n<p>\u0160ejkova\u010da bb, Sanski Most, FBiH<\/p>\n<p>Tel. +397 (0) 37 680 401<\/p>\n<p><strong>E-mail: <a href=\"mailto:info@javor-prijedor.com\">info@javor-prijedor.com<\/a><\/strong><\/p>\n<p><!-- [if lt IE 9]>\n\n\n<div class=\"plg_shr_wrapper plg_shr_wrapper_preview\">\u00a0\n[gallery size=\"full\" columns=\"1\" ids=\"1004\"]\n<\/div>\n\n\n<![endif]--><\/p>\n<p><!-- [if gte IE 9]>\n\n\n<div class=\"videosadrzaj\">\n<iframe loading=\"lazy\" src=\"https:\/\/www.google.com\/maps\/embed?pb=!1m18!1m12!1m3!1d1975.7917098637417!2d16.674506613222963!3d44.74801839084472!2m3!1f0!2f0!3f0!3m2!1i1024!2i768!4f13.1!3m3!1m2!1s0x4760c0b2e9a64a65%3A0x5fcb4f282a8e2fab!2sJavor+doo!5e1!3m2!1sen!2s!4v1498114981091\" width=\"600\" height=\"450\" frameborder=\"0\" style=\"border:0\" allowfullscreen><\/iframe>\n<\/div>\n\n\n<![endif]--><\/p>\n<p><!--[if !IE]>--><\/p>\n<div class=\"videosadrzaj\">\n<iframe loading=\"lazy\" src=\"https:\/\/www.google.com\/maps\/embed?pb=!1m18!1m12!1m3!1d1975.7917098637417!2d16.674506613222963!3d44.74801839084472!2m3!1f0!2f0!3f0!3m2!1i1024!2i768!4f13.1!3m3!1m2!1s0x4760c0b2e9a64a65%3A0x5fcb4f282a8e2fab!2sJavor+doo!5e1!3m2!1sen!2s!4v1498114981091\" width=\"600\" height=\"450\" frameborder=\"0\" style=\"border:0\" allowfullscreen><\/iframe>\n<\/div>\n<p><!--<![endif]--><\/p>\n","protected":false},"excerpt":{"rendered":"<p>SALON NAMJE\u0160TAJA: \u0160ejkova\u010da bb, Sanski Most, FBiH Tel. +397 (0) 37 680 401 E-mail: info@javor-prijedor.com<\/p>\n","protected":false},"author":1,"featured_media":0,"parent":41,"menu_order":0,"comment_status":"closed","ping_status":"closed","template":"","meta":[],"_links":{"self":[{"href":"http:\/\/javor-prijedor.com\/index.php\/wp-json\/wp\/v2\/pages\/49"}],"collection":[{"href":"http:\/\/javor-prijedor.com\/index.php\/wp-json\/wp\/v2\/pages"}],"about":[{"href":"http:\/\/javor-prijedor.com\/index.php\/wp-json\/wp\/v2\/types\/page"}],"author":[{"embeddable":true,"href":"http:\/\/javor-prijedor.com\/index.php\/wp-json\/wp\/v2\/users\/1"}],"replies":[{"embeddable":true,"href":"http:\/\/javor-prijedor.com\/index.php\/wp-json\/wp\/v2\/comments?post=49"}],"version-history":[{"count":4,"href":"http:\/\/javor-prijedor.com\/index.php\/wp-json\/wp\/v2\/pages\/49\/revisions"}],"predecessor-version":[{"id":1093,"href":"http:\/\/javor-prijedor.com\/index.php\/wp-json\/wp\/v2\/pages\/49\/revisions\/1093"}],"up":[{"embeddable":true,"href":"http:\/\/javor-prijedor.com\/index.php\/wp-json\/wp\/v2\/pages\/41"}],"wp:attachment":[{"href":"http:\/\/javor-prijedor.com\/index.php\/wp-json\/wp\/v2\/media?parent=49"}],"curies":[{"name":"wp","href":"https:\/\/api.w.org\/{rel}","templated":true}]}}