{"id":1130,"date":"2017-06-22T10:04:23","date_gmt":"2017-06-22T08:04:23","guid":{"rendered":"http:\/\/javor-prijedor.com\/?page_id=1130"},"modified":"2017-06-22T10:43:39","modified_gmt":"2017-06-22T08:43:39","slug":"gradevinski-radovi","status":"publish","type":"page","link":"http:\/\/javor-prijedor.com\/index.php\/gradevinski-radovi\/","title":{"rendered":"Gra\u0111evinski radovi"},"content":{"rendered":"<p>Gra\u0111evinski radovi<\/p>\n<p>Bavimo se izgradnjom i adaptacijom stambeno &#8211; poslovnih objekata, kako grubih, tako i zavr\u0161nim radovima na istim.<\/p>\n<p>Vi\u0161egodi\u0161nje iskustvo na izvo\u0111enju<strong>\u00a0<\/strong>gra\u0111evinskih radova kako grubih tako i radova enterijera i eksterijera garantuju brzu izradu, uz po\u0161tovanje najvi\u0161ih standarda kvaliteta.<\/p>\n<p>Preciznost u izvo\u0111enju radova, kvalitetu gradnje kao i izboru materijala, po\u0161tovanju rokova klju\u010dni su faktori zbog kojih se odlu\u010duju za nas.<\/p>\n<p>Uz profesionalnu asistenciju na\u0161eg ljubaznog osoblja udovoljit \u0107emo Va\u0161im \u017eeljama i potrebama, bilo da se radi o izgradnji ili adaptaciji manje ili ve\u0107eg objekta.<\/p>\n<p>Budite sigurni da \u0107ete sa na\u0161im uslugama biti zadovoljni.<\/p>\n<div id='gallery-1' class='gallery galleryid-1130 gallery-columns-3 gallery-size-full'><figure class='gallery-item'>\n\t\t\t<div class='gallery-icon landscape'>\n\t\t\t\t<a href='http:\/\/javor-prijedor.com\/index.php\/gradevinski-radovi\/1-6\/'><img width=\"800\" height=\"600\" src=\"http:\/\/javor-prijedor.com\/wp-content\/uploads\/2017\/06\/1-1.jpg\" class=\"attachment-full size-full\" alt=\"\" loading=\"lazy\" srcset=\"http:\/\/javor-prijedor.com\/wp-content\/uploads\/2017\/06\/1-1.jpg 800w, http:\/\/javor-prijedor.com\/wp-content\/uploads\/2017\/06\/1-1-300x225.jpg 300w, http:\/\/javor-prijedor.com\/wp-content\/uploads\/2017\/06\/1-1-768x576.jpg 768w\" sizes=\"(max-width: 800px) 100vw, 800px\" \/><\/a>\n\t\t\t<\/div><\/figure><figure class='gallery-item'>\n\t\t\t<div class='gallery-icon landscape'>\n\t\t\t\t<a href='http:\/\/javor-prijedor.com\/index.php\/gradevinski-radovi\/2-3\/'><img width=\"800\" height=\"600\" src=\"http:\/\/javor-prijedor.com\/wp-content\/uploads\/2017\/06\/2-1.jpg\" class=\"attachment-full size-full\" alt=\"\" loading=\"lazy\" srcset=\"http:\/\/javor-prijedor.com\/wp-content\/uploads\/2017\/06\/2-1.jpg 800w, http:\/\/javor-prijedor.com\/wp-content\/uploads\/2017\/06\/2-1-300x225.jpg 300w, http:\/\/javor-prijedor.com\/wp-content\/uploads\/2017\/06\/2-1-768x576.jpg 768w\" sizes=\"(max-width: 800px) 100vw, 800px\" \/><\/a>\n\t\t\t<\/div><\/figure><figure class='gallery-item'>\n\t\t\t<div class='gallery-icon landscape'>\n\t\t\t\t<a href='http:\/\/javor-prijedor.com\/index.php\/gradevinski-radovi\/3-3\/'><img width=\"800\" height=\"600\" src=\"http:\/\/javor-prijedor.com\/wp-content\/uploads\/2017\/06\/3-1.jpg\" class=\"attachment-full size-full\" alt=\"\" loading=\"lazy\" srcset=\"http:\/\/javor-prijedor.com\/wp-content\/uploads\/2017\/06\/3-1.jpg 800w, http:\/\/javor-prijedor.com\/wp-content\/uploads\/2017\/06\/3-1-300x225.jpg 300w, http:\/\/javor-prijedor.com\/wp-content\/uploads\/2017\/06\/3-1-768x576.jpg 768w\" sizes=\"(max-width: 800px) 100vw, 800px\" \/><\/a>\n\t\t\t<\/div><\/figure><figure class='gallery-item'>\n\t\t\t<div class='gallery-icon landscape'>\n\t\t\t\t<a href='http:\/\/javor-prijedor.com\/index.php\/gradevinski-radovi\/4-3\/'><img width=\"800\" height=\"600\" src=\"http:\/\/javor-prijedor.com\/wp-content\/uploads\/2017\/06\/4-1.jpg\" class=\"attachment-full size-full\" alt=\"\" loading=\"lazy\" srcset=\"http:\/\/javor-prijedor.com\/wp-content\/uploads\/2017\/06\/4-1.jpg 800w, http:\/\/javor-prijedor.com\/wp-content\/uploads\/2017\/06\/4-1-300x225.jpg 300w, http:\/\/javor-prijedor.com\/wp-content\/uploads\/2017\/06\/4-1-768x576.jpg 768w\" sizes=\"(max-width: 800px) 100vw, 800px\" \/><\/a>\n\t\t\t<\/div><\/figure><figure class='gallery-item'>\n\t\t\t<div class='gallery-icon landscape'>\n\t\t\t\t<a href='http:\/\/javor-prijedor.com\/index.php\/gradevinski-radovi\/5-3\/'><img width=\"800\" height=\"600\" src=\"http:\/\/javor-prijedor.com\/wp-content\/uploads\/2017\/06\/5-1.jpg\" class=\"attachment-full size-full\" alt=\"\" loading=\"lazy\" srcset=\"http:\/\/javor-prijedor.com\/wp-content\/uploads\/2017\/06\/5-1.jpg 800w, http:\/\/javor-prijedor.com\/wp-content\/uploads\/2017\/06\/5-1-300x225.jpg 300w, http:\/\/javor-prijedor.com\/wp-content\/uploads\/2017\/06\/5-1-768x576.jpg 768w\" sizes=\"(max-width: 800px) 100vw, 800px\" \/><\/a>\n\t\t\t<\/div><\/figure><figure class='gallery-item'>\n\t\t\t<div class='gallery-icon landscape'>\n\t\t\t\t<a href='http:\/\/javor-prijedor.com\/index.php\/gradevinski-radovi\/6-3\/'><img width=\"800\" height=\"450\" src=\"http:\/\/javor-prijedor.com\/wp-content\/uploads\/2017\/06\/6-1.jpg\" class=\"attachment-full size-full\" alt=\"\" loading=\"lazy\" srcset=\"http:\/\/javor-prijedor.com\/wp-content\/uploads\/2017\/06\/6-1.jpg 800w, http:\/\/javor-prijedor.com\/wp-content\/uploads\/2017\/06\/6-1-300x169.jpg 300w, http:\/\/javor-prijedor.com\/wp-content\/uploads\/2017\/06\/6-1-768x432.jpg 768w\" sizes=\"(max-width: 800px) 100vw, 800px\" \/><\/a>\n\t\t\t<\/div><\/figure><figure class='gallery-item'>\n\t\t\t<div class='gallery-icon landscape'>\n\t\t\t\t<a href='http:\/\/javor-prijedor.com\/index.php\/gradevinski-radovi\/7-2\/'><img width=\"800\" height=\"450\" src=\"http:\/\/javor-prijedor.com\/wp-content\/uploads\/2017\/06\/7-1.jpg\" class=\"attachment-full size-full\" alt=\"\" loading=\"lazy\" srcset=\"http:\/\/javor-prijedor.com\/wp-content\/uploads\/2017\/06\/7-1.jpg 800w, http:\/\/javor-prijedor.com\/wp-content\/uploads\/2017\/06\/7-1-300x169.jpg 300w, http:\/\/javor-prijedor.com\/wp-content\/uploads\/2017\/06\/7-1-768x432.jpg 768w\" sizes=\"(max-width: 800px) 100vw, 800px\" \/><\/a>\n\t\t\t<\/div><\/figure><figure class='gallery-item'>\n\t\t\t<div class='gallery-icon landscape'>\n\t\t\t\t<a href='http:\/\/javor-prijedor.com\/index.php\/gradevinski-radovi\/8-2\/'><img width=\"800\" height=\"450\" src=\"http:\/\/javor-prijedor.com\/wp-content\/uploads\/2017\/06\/8-1.jpg\" class=\"attachment-full size-full\" alt=\"\" loading=\"lazy\" srcset=\"http:\/\/javor-prijedor.com\/wp-content\/uploads\/2017\/06\/8-1.jpg 800w, http:\/\/javor-prijedor.com\/wp-content\/uploads\/2017\/06\/8-1-300x169.jpg 300w, http:\/\/javor-prijedor.com\/wp-content\/uploads\/2017\/06\/8-1-768x432.jpg 768w\" sizes=\"(max-width: 800px) 100vw, 800px\" \/><\/a>\n\t\t\t<\/div><\/figure><figure class='gallery-item'>\n\t\t\t<div class='gallery-icon landscape'>\n\t\t\t\t<a href='http:\/\/javor-prijedor.com\/index.php\/gradevinski-radovi\/9-2\/'><img width=\"800\" height=\"450\" src=\"http:\/\/javor-prijedor.com\/wp-content\/uploads\/2017\/06\/9-1.jpg\" class=\"attachment-full size-full\" alt=\"\" loading=\"lazy\" srcset=\"http:\/\/javor-prijedor.com\/wp-content\/uploads\/2017\/06\/9-1.jpg 800w, http:\/\/javor-prijedor.com\/wp-content\/uploads\/2017\/06\/9-1-300x169.jpg 300w, http:\/\/javor-prijedor.com\/wp-content\/uploads\/2017\/06\/9-1-768x432.jpg 768w\" sizes=\"(max-width: 800px) 100vw, 800px\" \/><\/a>\n\t\t\t<\/div><\/figure><figure class='gallery-item'>\n\t\t\t<div class='gallery-icon landscape'>\n\t\t\t\t<a href='http:\/\/javor-prijedor.com\/index.php\/gradevinski-radovi\/10-2\/'><img width=\"800\" height=\"600\" src=\"http:\/\/javor-prijedor.com\/wp-content\/uploads\/2017\/06\/10-1.jpg\" class=\"attachment-full size-full\" alt=\"\" loading=\"lazy\" srcset=\"http:\/\/javor-prijedor.com\/wp-content\/uploads\/2017\/06\/10-1.jpg 800w, http:\/\/javor-prijedor.com\/wp-content\/uploads\/2017\/06\/10-1-300x225.jpg 300w, http:\/\/javor-prijedor.com\/wp-content\/uploads\/2017\/06\/10-1-768x576.jpg 768w\" sizes=\"(max-width: 800px) 100vw, 800px\" \/><\/a>\n\t\t\t<\/div><\/figure><figure class='gallery-item'>\n\t\t\t<div class='gallery-icon landscape'>\n\t\t\t\t<a href='http:\/\/javor-prijedor.com\/index.php\/gradevinski-radovi\/11-2\/'><img width=\"800\" height=\"600\" src=\"http:\/\/javor-prijedor.com\/wp-content\/uploads\/2017\/06\/11-1.jpg\" class=\"attachment-full size-full\" alt=\"\" loading=\"lazy\" srcset=\"http:\/\/javor-prijedor.com\/wp-content\/uploads\/2017\/06\/11-1.jpg 800w, http:\/\/javor-prijedor.com\/wp-content\/uploads\/2017\/06\/11-1-300x225.jpg 300w, http:\/\/javor-prijedor.com\/wp-content\/uploads\/2017\/06\/11-1-768x576.jpg 768w\" sizes=\"(max-width: 800px) 100vw, 800px\" \/><\/a>\n\t\t\t<\/div><\/figure><figure class='gallery-item'>\n\t\t\t<div class='gallery-icon landscape'>\n\t\t\t\t<a href='http:\/\/javor-prijedor.com\/index.php\/gradevinski-radovi\/12-3\/'><img width=\"800\" height=\"600\" src=\"http:\/\/javor-prijedor.com\/wp-content\/uploads\/2017\/06\/12-1.jpg\" class=\"attachment-full size-full\" alt=\"\" loading=\"lazy\" srcset=\"http:\/\/javor-prijedor.com\/wp-content\/uploads\/2017\/06\/12-1.jpg 800w, http:\/\/javor-prijedor.com\/wp-content\/uploads\/2017\/06\/12-1-300x225.jpg 300w, http:\/\/javor-prijedor.com\/wp-content\/uploads\/2017\/06\/12-1-768x576.jpg 768w\" sizes=\"(max-width: 800px) 100vw, 800px\" \/><\/a>\n\t\t\t<\/div><\/figure><figure class='gallery-item'>\n\t\t\t<div class='gallery-icon landscape'>\n\t\t\t\t<a href='http:\/\/javor-prijedor.com\/index.php\/gradevinski-radovi\/13-2\/'><img width=\"800\" height=\"600\" src=\"http:\/\/javor-prijedor.com\/wp-content\/uploads\/2017\/06\/13-1.jpg\" class=\"attachment-full size-full\" alt=\"\" loading=\"lazy\" srcset=\"http:\/\/javor-prijedor.com\/wp-content\/uploads\/2017\/06\/13-1.jpg 800w, http:\/\/javor-prijedor.com\/wp-content\/uploads\/2017\/06\/13-1-300x225.jpg 300w, http:\/\/javor-prijedor.com\/wp-content\/uploads\/2017\/06\/13-1-768x576.jpg 768w\" sizes=\"(max-width: 800px) 100vw, 800px\" \/><\/a>\n\t\t\t<\/div><\/figure><figure class='gallery-item'>\n\t\t\t<div class='gallery-icon landscape'>\n\t\t\t\t<a href='http:\/\/javor-prijedor.com\/index.php\/gradevinski-radovi\/14-3\/'><img width=\"800\" height=\"600\" src=\"http:\/\/javor-prijedor.com\/wp-content\/uploads\/2017\/06\/14-1.jpg\" class=\"attachment-full size-full\" alt=\"\" loading=\"lazy\" srcset=\"http:\/\/javor-prijedor.com\/wp-content\/uploads\/2017\/06\/14-1.jpg 800w, http:\/\/javor-prijedor.com\/wp-content\/uploads\/2017\/06\/14-1-300x225.jpg 300w, http:\/\/javor-prijedor.com\/wp-content\/uploads\/2017\/06\/14-1-768x576.jpg 768w\" sizes=\"(max-width: 800px) 100vw, 800px\" \/><\/a>\n\t\t\t<\/div><\/figure><figure class='gallery-item'>\n\t\t\t<div class='gallery-icon portrait'>\n\t\t\t\t<a href='http:\/\/javor-prijedor.com\/index.php\/gradevinski-radovi\/15-2\/'><img width=\"600\" height=\"800\" src=\"http:\/\/javor-prijedor.com\/wp-content\/uploads\/2017\/06\/15-1.jpg\" class=\"attachment-full size-full\" alt=\"\" loading=\"lazy\" srcset=\"http:\/\/javor-prijedor.com\/wp-content\/uploads\/2017\/06\/15-1.jpg 600w, http:\/\/javor-prijedor.com\/wp-content\/uploads\/2017\/06\/15-1-225x300.jpg 225w\" sizes=\"(max-width: 600px) 100vw, 600px\" \/><\/a>\n\t\t\t<\/div><\/figure><figure class='gallery-item'>\n\t\t\t<div class='gallery-icon portrait'>\n\t\t\t\t<a href='http:\/\/javor-prijedor.com\/index.php\/gradevinski-radovi\/attachment\/16\/'><img width=\"600\" height=\"800\" src=\"http:\/\/javor-prijedor.com\/wp-content\/uploads\/2017\/06\/16.jpg\" class=\"attachment-full size-full\" alt=\"\" loading=\"lazy\" srcset=\"http:\/\/javor-prijedor.com\/wp-content\/uploads\/2017\/06\/16.jpg 600w, http:\/\/javor-prijedor.com\/wp-content\/uploads\/2017\/06\/16-225x300.jpg 225w\" sizes=\"(max-width: 600px) 100vw, 600px\" \/><\/a>\n\t\t\t<\/div><\/figure><figure class='gallery-item'>\n\t\t\t<div class='gallery-icon portrait'>\n\t\t\t\t<a href='http:\/\/javor-prijedor.com\/index.php\/gradevinski-radovi\/attachment\/17\/'><img width=\"600\" height=\"800\" src=\"http:\/\/javor-prijedor.com\/wp-content\/uploads\/2017\/06\/17.jpg\" class=\"attachment-full size-full\" alt=\"\" loading=\"lazy\" srcset=\"http:\/\/javor-prijedor.com\/wp-content\/uploads\/2017\/06\/17.jpg 600w, http:\/\/javor-prijedor.com\/wp-content\/uploads\/2017\/06\/17-225x300.jpg 225w\" sizes=\"(max-width: 600px) 100vw, 600px\" \/><\/a>\n\t\t\t<\/div><\/figure><figure class='gallery-item'>\n\t\t\t<div class='gallery-icon portrait'>\n\t\t\t\t<a href='http:\/\/javor-prijedor.com\/index.php\/gradevinski-radovi\/18a\/'><img width=\"600\" height=\"800\" src=\"http:\/\/javor-prijedor.com\/wp-content\/uploads\/2017\/06\/18a.jpg\" class=\"attachment-full size-full\" alt=\"\" loading=\"lazy\" srcset=\"http:\/\/javor-prijedor.com\/wp-content\/uploads\/2017\/06\/18a.jpg 600w, http:\/\/javor-prijedor.com\/wp-content\/uploads\/2017\/06\/18a-225x300.jpg 225w\" sizes=\"(max-width: 600px) 100vw, 600px\" \/><\/a>\n\t\t\t<\/div><\/figure>\n\t\t<\/div>\n\n","protected":false},"excerpt":{"rendered":"<p>Gra\u0111evinski radovi Bavimo se izgradnjom i adaptacijom stambeno &#8211; poslovnih objekata, kako grubih, tako i zavr\u0161nim radovima na istim. Vi\u0161egodi\u0161nje iskustvo na izvo\u0111enju\u00a0gra\u0111evinskih radova kako grubih tako i radova enterijera i eksterijera garantuju brzu izradu, uz po\u0161tovanje najvi\u0161ih standarda kvaliteta. Preciznost u izvo\u0111enju radova, kvalitetu gradnje kao i izboru materijala,&hellip;<\/p>\n<p class=\"more-link-wrapper\"><a class=\"more-link\" href=\"http:\/\/javor-prijedor.com\/index.php\/gradevinski-radovi\/\"><span class=\"fa fa-mail-forward read-more-icon\"><\/span><span class=\"screen-reader-text\">Read More<\/span><\/a><\/p>\n","protected":false},"author":1,"featured_media":0,"parent":0,"menu_order":0,"comment_status":"closed","ping_status":"closed","template":"","meta":[],"_links":{"self":[{"href":"http:\/\/javor-prijedor.com\/index.php\/wp-json\/wp\/v2\/pages\/1130"}],"collection":[{"href":"http:\/\/javor-prijedor.com\/index.php\/wp-json\/wp\/v2\/pages"}],"about":[{"href":"http:\/\/javor-prijedor.com\/index.php\/wp-json\/wp\/v2\/types\/page"}],"author":[{"embeddable":true,"href":"http:\/\/javor-prijedor.com\/index.php\/wp-json\/wp\/v2\/users\/1"}],"replies":[{"embeddable":true,"href":"http:\/\/javor-prijedor.com\/index.php\/wp-json\/wp\/v2\/comments?post=1130"}],"version-history":[{"count":1,"href":"http:\/\/javor-prijedor.com\/index.php\/wp-json\/wp\/v2\/pages\/1130\/revisions"}],"predecessor-version":[{"id":1149,"href":"http:\/\/javor-prijedor.com\/index.php\/wp-json\/wp\/v2\/pages\/1130\/revisions\/1149"}],"wp:attachment":[{"href":"http:\/\/javor-prijedor.com\/index.php\/wp-json\/wp\/v2\/media?parent=1130"}],"curies":[{"name":"wp","href":"https:\/\/api.w.org\/{rel}","templated":true}]}}