{"id":1102,"date":"2017-06-22T09:52:42","date_gmt":"2017-06-22T07:52:42","guid":{"rendered":"http:\/\/javor-prijedor.com\/?page_id=1102"},"modified":"2017-06-25T13:45:30","modified_gmt":"2017-06-25T11:45:30","slug":"kamen-i-beton","status":"publish","type":"page","link":"http:\/\/javor-prijedor.com\/index.php\/kamen-i-beton\/","title":{"rendered":"Kamen i beton"},"content":{"rendered":"<p>Proizvodnjom betonskih proizvoda se bavimo jo\u0161 od 2005. godine, od tada pa do dana usvojili smo proizvodnju slede\u0107ih proizvoda:<\/p>\n<ul>\n<li>proizvodnja betonskih cijevi od \u00d8 150 do \u00d8 1000,<\/li>\n<li>proizvodnja betonskih blokova, betonskih \u0107o\u0161njaka,<\/li>\n<li>proizvodnja betonskih dimnih obloga,<\/li>\n<li>proizvodnja betonskih stubova,<\/li>\n<li>proizvodnja betonskih ivi\u010dnjaka,<\/li>\n<li>proizvodnja betonskih odvodnih konalica,<\/li>\n<li>proizvodnja betonskih plo\u010da-galanterije,<\/li>\n<li>proizvodnja fert gredica i nadvoja-nadprozornika,<\/li>\n<\/ul>\n<p>tako\u0111e obradom kamena se bavimo jo\u0161 od 2005. godine, od tada pa do danas usvojili smo proizvodnju slede\u0107ih proizvoda:<\/p>\n<ul>\n<li>gazi\u0161ta i \u010dela gazi\u0161ta za stepeni\u0161ta,<\/li>\n<li>prozorske klupice,<\/li>\n<li>podne i zidne obloge,<\/li>\n<li>fasadne obloge<\/li>\n<li>kuhinjske i ostale radne plo\u010de<\/li>\n<\/ul>\n<p>Visok nivo kvaliteta obrade smo dobili zahvaljuju\u0107i stalnom radu na unapre\u0111ivanju.<\/p>\n<p>Vodimo politiku proizvodnje visoko kvalitetnih i ekolo\u0161ki proizvoda.<\/p>\n<p>Uz profesionalnu asistenciju na\u0161eg ljubaznog osoblja udovoljit \u0107emo Va\u0161im \u017eeljama i potrebama, bilo da se radi o nabavci manje ili ve\u0107e koli\u010dine betonskih proizvoda ili obra\u0111enog kamena.<\/p>\n<p>Budite sigurni da \u0107ete sa na\u0161im proizvodima biti zadovoljni.<\/p>\n<div id='gallery-1' class='gallery galleryid-1102 gallery-columns-3 gallery-size-full'><figure class='gallery-item'>\n\t\t\t<div class='gallery-icon landscape'>\n\t\t\t\t<a href='http:\/\/javor-prijedor.com\/index.php\/kamen-i-beton\/1-5\/'><img width=\"800\" height=\"450\" src=\"http:\/\/javor-prijedor.com\/wp-content\/uploads\/2017\/06\/1.jpg\" class=\"attachment-full size-full\" alt=\"\" loading=\"lazy\" aria-describedby=\"gallery-1-1103\" srcset=\"http:\/\/javor-prijedor.com\/wp-content\/uploads\/2017\/06\/1.jpg 800w, http:\/\/javor-prijedor.com\/wp-content\/uploads\/2017\/06\/1-300x169.jpg 300w, http:\/\/javor-prijedor.com\/wp-content\/uploads\/2017\/06\/1-768x432.jpg 768w\" sizes=\"(max-width: 800px) 100vw, 800px\" \/><\/a>\n\t\t\t<\/div>\n\t\t\t\t<figcaption class='wp-caption-text gallery-caption' id='gallery-1-1103'>\n\t\t\t\t1\n\t\t\t\t<\/figcaption><\/figure><figure class='gallery-item'>\n\t\t\t<div class='gallery-icon landscape'>\n\t\t\t\t<a href='http:\/\/javor-prijedor.com\/index.php\/kamen-i-beton\/attachment\/2\/'><img width=\"800\" height=\"450\" src=\"http:\/\/javor-prijedor.com\/wp-content\/uploads\/2017\/06\/2.jpg\" class=\"attachment-full size-full\" alt=\"\" loading=\"lazy\" aria-describedby=\"gallery-1-1104\" srcset=\"http:\/\/javor-prijedor.com\/wp-content\/uploads\/2017\/06\/2.jpg 800w, http:\/\/javor-prijedor.com\/wp-content\/uploads\/2017\/06\/2-300x169.jpg 300w, http:\/\/javor-prijedor.com\/wp-content\/uploads\/2017\/06\/2-768x432.jpg 768w\" sizes=\"(max-width: 800px) 100vw, 800px\" \/><\/a>\n\t\t\t<\/div>\n\t\t\t\t<figcaption class='wp-caption-text gallery-caption' id='gallery-1-1104'>\n\t\t\t\t2\n\t\t\t\t<\/figcaption><\/figure><figure class='gallery-item'>\n\t\t\t<div class='gallery-icon landscape'>\n\t\t\t\t<a href='http:\/\/javor-prijedor.com\/index.php\/kamen-i-beton\/3-2\/'><img width=\"800\" height=\"450\" src=\"http:\/\/javor-prijedor.com\/wp-content\/uploads\/2017\/06\/3.jpg\" class=\"attachment-full size-full\" alt=\"\" loading=\"lazy\" aria-describedby=\"gallery-1-1105\" srcset=\"http:\/\/javor-prijedor.com\/wp-content\/uploads\/2017\/06\/3.jpg 800w, http:\/\/javor-prijedor.com\/wp-content\/uploads\/2017\/06\/3-300x169.jpg 300w, http:\/\/javor-prijedor.com\/wp-content\/uploads\/2017\/06\/3-768x432.jpg 768w\" sizes=\"(max-width: 800px) 100vw, 800px\" \/><\/a>\n\t\t\t<\/div>\n\t\t\t\t<figcaption class='wp-caption-text gallery-caption' id='gallery-1-1105'>\n\t\t\t\t3\n\t\t\t\t<\/figcaption><\/figure><figure class='gallery-item'>\n\t\t\t<div class='gallery-icon landscape'>\n\t\t\t\t<a href='http:\/\/javor-prijedor.com\/index.php\/kamen-i-beton\/attachment\/4\/'><img width=\"800\" height=\"450\" src=\"http:\/\/javor-prijedor.com\/wp-content\/uploads\/2017\/06\/4.jpg\" class=\"attachment-full size-full\" alt=\"\" loading=\"lazy\" aria-describedby=\"gallery-1-1106\" srcset=\"http:\/\/javor-prijedor.com\/wp-content\/uploads\/2017\/06\/4.jpg 800w, http:\/\/javor-prijedor.com\/wp-content\/uploads\/2017\/06\/4-300x169.jpg 300w, http:\/\/javor-prijedor.com\/wp-content\/uploads\/2017\/06\/4-768x432.jpg 768w\" sizes=\"(max-width: 800px) 100vw, 800px\" \/><\/a>\n\t\t\t<\/div>\n\t\t\t\t<figcaption class='wp-caption-text gallery-caption' id='gallery-1-1106'>\n\t\t\t\t4\n\t\t\t\t<\/figcaption><\/figure><figure class='gallery-item'>\n\t\t\t<div class='gallery-icon landscape'>\n\t\t\t\t<a href='http:\/\/javor-prijedor.com\/index.php\/kamen-i-beton\/5-2\/'><img width=\"800\" height=\"450\" src=\"http:\/\/javor-prijedor.com\/wp-content\/uploads\/2017\/06\/5.jpg\" class=\"attachment-full size-full\" alt=\"\" loading=\"lazy\" aria-describedby=\"gallery-1-1107\" srcset=\"http:\/\/javor-prijedor.com\/wp-content\/uploads\/2017\/06\/5.jpg 800w, http:\/\/javor-prijedor.com\/wp-content\/uploads\/2017\/06\/5-300x169.jpg 300w, http:\/\/javor-prijedor.com\/wp-content\/uploads\/2017\/06\/5-768x432.jpg 768w\" sizes=\"(max-width: 800px) 100vw, 800px\" \/><\/a>\n\t\t\t<\/div>\n\t\t\t\t<figcaption class='wp-caption-text gallery-caption' id='gallery-1-1107'>\n\t\t\t\t5\n\t\t\t\t<\/figcaption><\/figure><figure class='gallery-item'>\n\t\t\t<div class='gallery-icon landscape'>\n\t\t\t\t<a href='http:\/\/javor-prijedor.com\/index.php\/kamen-i-beton\/6-2\/'><img width=\"800\" height=\"450\" src=\"http:\/\/javor-prijedor.com\/wp-content\/uploads\/2017\/06\/6.jpg\" class=\"attachment-full size-full\" alt=\"\" loading=\"lazy\" aria-describedby=\"gallery-1-1108\" srcset=\"http:\/\/javor-prijedor.com\/wp-content\/uploads\/2017\/06\/6.jpg 800w, http:\/\/javor-prijedor.com\/wp-content\/uploads\/2017\/06\/6-300x169.jpg 300w, http:\/\/javor-prijedor.com\/wp-content\/uploads\/2017\/06\/6-768x432.jpg 768w\" sizes=\"(max-width: 800px) 100vw, 800px\" \/><\/a>\n\t\t\t<\/div>\n\t\t\t\t<figcaption class='wp-caption-text gallery-caption' id='gallery-1-1108'>\n\t\t\t\t6\n\t\t\t\t<\/figcaption><\/figure><figure class='gallery-item'>\n\t\t\t<div class='gallery-icon landscape'>\n\t\t\t\t<a href='http:\/\/javor-prijedor.com\/index.php\/kamen-i-beton\/attachment\/7\/'><img width=\"800\" height=\"450\" src=\"http:\/\/javor-prijedor.com\/wp-content\/uploads\/2017\/06\/7.jpg\" class=\"attachment-full size-full\" alt=\"\" loading=\"lazy\" aria-describedby=\"gallery-1-1109\" srcset=\"http:\/\/javor-prijedor.com\/wp-content\/uploads\/2017\/06\/7.jpg 800w, http:\/\/javor-prijedor.com\/wp-content\/uploads\/2017\/06\/7-300x169.jpg 300w, http:\/\/javor-prijedor.com\/wp-content\/uploads\/2017\/06\/7-768x432.jpg 768w\" sizes=\"(max-width: 800px) 100vw, 800px\" \/><\/a>\n\t\t\t<\/div>\n\t\t\t\t<figcaption class='wp-caption-text gallery-caption' id='gallery-1-1109'>\n\t\t\t\t7\n\t\t\t\t<\/figcaption><\/figure><figure class='gallery-item'>\n\t\t\t<div class='gallery-icon landscape'>\n\t\t\t\t<a href='http:\/\/javor-prijedor.com\/index.php\/kamen-i-beton\/attachment\/8\/'><img width=\"800\" height=\"450\" src=\"http:\/\/javor-prijedor.com\/wp-content\/uploads\/2017\/06\/8.jpg\" class=\"attachment-full size-full\" alt=\"\" loading=\"lazy\" aria-describedby=\"gallery-1-1110\" srcset=\"http:\/\/javor-prijedor.com\/wp-content\/uploads\/2017\/06\/8.jpg 800w, http:\/\/javor-prijedor.com\/wp-content\/uploads\/2017\/06\/8-300x169.jpg 300w, http:\/\/javor-prijedor.com\/wp-content\/uploads\/2017\/06\/8-768x432.jpg 768w\" sizes=\"(max-width: 800px) 100vw, 800px\" \/><\/a>\n\t\t\t<\/div>\n\t\t\t\t<figcaption class='wp-caption-text gallery-caption' id='gallery-1-1110'>\n\t\t\t\t8\n\t\t\t\t<\/figcaption><\/figure><figure class='gallery-item'>\n\t\t\t<div class='gallery-icon portrait'>\n\t\t\t\t<a href='http:\/\/javor-prijedor.com\/index.php\/kamen-i-beton\/attachment\/9\/'><img width=\"450\" height=\"800\" src=\"http:\/\/javor-prijedor.com\/wp-content\/uploads\/2017\/06\/9.jpg\" class=\"attachment-full size-full\" alt=\"\" loading=\"lazy\" aria-describedby=\"gallery-1-1111\" srcset=\"http:\/\/javor-prijedor.com\/wp-content\/uploads\/2017\/06\/9.jpg 450w, http:\/\/javor-prijedor.com\/wp-content\/uploads\/2017\/06\/9-169x300.jpg 169w\" sizes=\"(max-width: 450px) 100vw, 450px\" \/><\/a>\n\t\t\t<\/div>\n\t\t\t\t<figcaption class='wp-caption-text gallery-caption' id='gallery-1-1111'>\n\t\t\t\t9\n\t\t\t\t<\/figcaption><\/figure><figure class='gallery-item'>\n\t\t\t<div class='gallery-icon landscape'>\n\t\t\t\t<a href='http:\/\/javor-prijedor.com\/index.php\/kamen-i-beton\/attachment\/10\/'><img width=\"800\" height=\"450\" src=\"http:\/\/javor-prijedor.com\/wp-content\/uploads\/2017\/06\/10.jpg\" class=\"attachment-full size-full\" alt=\"\" loading=\"lazy\" aria-describedby=\"gallery-1-1112\" srcset=\"http:\/\/javor-prijedor.com\/wp-content\/uploads\/2017\/06\/10.jpg 800w, http:\/\/javor-prijedor.com\/wp-content\/uploads\/2017\/06\/10-300x169.jpg 300w, http:\/\/javor-prijedor.com\/wp-content\/uploads\/2017\/06\/10-768x432.jpg 768w\" sizes=\"(max-width: 800px) 100vw, 800px\" \/><\/a>\n\t\t\t<\/div>\n\t\t\t\t<figcaption class='wp-caption-text gallery-caption' id='gallery-1-1112'>\n\t\t\t\t10\n\t\t\t\t<\/figcaption><\/figure><figure class='gallery-item'>\n\t\t\t<div class='gallery-icon landscape'>\n\t\t\t\t<a href='http:\/\/javor-prijedor.com\/index.php\/kamen-i-beton\/attachment\/11\/'><img width=\"800\" height=\"450\" src=\"http:\/\/javor-prijedor.com\/wp-content\/uploads\/2017\/06\/11.jpg\" class=\"attachment-full size-full\" alt=\"\" loading=\"lazy\" aria-describedby=\"gallery-1-1113\" srcset=\"http:\/\/javor-prijedor.com\/wp-content\/uploads\/2017\/06\/11.jpg 800w, http:\/\/javor-prijedor.com\/wp-content\/uploads\/2017\/06\/11-300x169.jpg 300w, http:\/\/javor-prijedor.com\/wp-content\/uploads\/2017\/06\/11-768x432.jpg 768w\" sizes=\"(max-width: 800px) 100vw, 800px\" \/><\/a>\n\t\t\t<\/div>\n\t\t\t\t<figcaption class='wp-caption-text gallery-caption' id='gallery-1-1113'>\n\t\t\t\t11\n\t\t\t\t<\/figcaption><\/figure><figure class='gallery-item'>\n\t\t\t<div class='gallery-icon portrait'>\n\t\t\t\t<a href='http:\/\/javor-prijedor.com\/index.php\/kamen-i-beton\/12-2\/'><img width=\"450\" height=\"800\" src=\"http:\/\/javor-prijedor.com\/wp-content\/uploads\/2017\/06\/12.jpg\" class=\"attachment-full size-full\" alt=\"\" loading=\"lazy\" aria-describedby=\"gallery-1-1114\" srcset=\"http:\/\/javor-prijedor.com\/wp-content\/uploads\/2017\/06\/12.jpg 450w, http:\/\/javor-prijedor.com\/wp-content\/uploads\/2017\/06\/12-169x300.jpg 169w\" sizes=\"(max-width: 450px) 100vw, 450px\" \/><\/a>\n\t\t\t<\/div>\n\t\t\t\t<figcaption class='wp-caption-text gallery-caption' id='gallery-1-1114'>\n\t\t\t\t12\n\t\t\t\t<\/figcaption><\/figure><figure class='gallery-item'>\n\t\t\t<div class='gallery-icon portrait'>\n\t\t\t\t<a href='http:\/\/javor-prijedor.com\/index.php\/kamen-i-beton\/attachment\/13\/'><img width=\"450\" height=\"800\" src=\"http:\/\/javor-prijedor.com\/wp-content\/uploads\/2017\/06\/13.jpg\" class=\"attachment-full size-full\" alt=\"\" loading=\"lazy\" aria-describedby=\"gallery-1-1115\" srcset=\"http:\/\/javor-prijedor.com\/wp-content\/uploads\/2017\/06\/13.jpg 450w, http:\/\/javor-prijedor.com\/wp-content\/uploads\/2017\/06\/13-169x300.jpg 169w\" sizes=\"(max-width: 450px) 100vw, 450px\" \/><\/a>\n\t\t\t<\/div>\n\t\t\t\t<figcaption class='wp-caption-text gallery-caption' id='gallery-1-1115'>\n\t\t\t\t13\n\t\t\t\t<\/figcaption><\/figure><figure class='gallery-item'>\n\t\t\t<div class='gallery-icon landscape'>\n\t\t\t\t<a href='http:\/\/javor-prijedor.com\/index.php\/kamen-i-beton\/14-2\/'><img width=\"800\" height=\"450\" src=\"http:\/\/javor-prijedor.com\/wp-content\/uploads\/2017\/06\/14.jpg\" class=\"attachment-full size-full\" alt=\"\" loading=\"lazy\" aria-describedby=\"gallery-1-1116\" srcset=\"http:\/\/javor-prijedor.com\/wp-content\/uploads\/2017\/06\/14.jpg 800w, http:\/\/javor-prijedor.com\/wp-content\/uploads\/2017\/06\/14-300x169.jpg 300w, http:\/\/javor-prijedor.com\/wp-content\/uploads\/2017\/06\/14-768x432.jpg 768w\" sizes=\"(max-width: 800px) 100vw, 800px\" \/><\/a>\n\t\t\t<\/div>\n\t\t\t\t<figcaption class='wp-caption-text gallery-caption' id='gallery-1-1116'>\n\t\t\t\t14\n\t\t\t\t<\/figcaption><\/figure><figure class='gallery-item'>\n\t\t\t<div class='gallery-icon landscape'>\n\t\t\t\t<a href='http:\/\/javor-prijedor.com\/index.php\/kamen-i-beton\/attachment\/15\/'><img width=\"800\" height=\"450\" src=\"http:\/\/javor-prijedor.com\/wp-content\/uploads\/2017\/06\/15.jpg\" class=\"attachment-full size-full\" alt=\"\" loading=\"lazy\" aria-describedby=\"gallery-1-1117\" srcset=\"http:\/\/javor-prijedor.com\/wp-content\/uploads\/2017\/06\/15.jpg 800w, http:\/\/javor-prijedor.com\/wp-content\/uploads\/2017\/06\/15-300x169.jpg 300w, http:\/\/javor-prijedor.com\/wp-content\/uploads\/2017\/06\/15-768x432.jpg 768w\" sizes=\"(max-width: 800px) 100vw, 800px\" \/><\/a>\n\t\t\t<\/div>\n\t\t\t\t<figcaption class='wp-caption-text gallery-caption' id='gallery-1-1117'>\n\t\t\t\t15\n\t\t\t\t<\/figcaption><\/figure>\n\t\t<\/div>\n\n<p>&nbsp;<\/p>\n","protected":false},"excerpt":{"rendered":"<p>Proizvodnjom betonskih proizvoda se bavimo jo\u0161 od 2005. godine, od tada pa do dana usvojili smo proizvodnju slede\u0107ih proizvoda: proizvodnja betonskih cijevi od \u00d8 150 do \u00d8 1000, proizvodnja betonskih blokova, betonskih \u0107o\u0161njaka, proizvodnja betonskih dimnih obloga, proizvodnja betonskih stubova, proizvodnja betonskih ivi\u010dnjaka, proizvodnja betonskih odvodnih konalica, proizvodnja betonskih plo\u010da-galanterije,&hellip;<\/p>\n<p class=\"more-link-wrapper\"><a class=\"more-link\" href=\"http:\/\/javor-prijedor.com\/index.php\/kamen-i-beton\/\"><span class=\"fa fa-mail-forward read-more-icon\"><\/span><span class=\"screen-reader-text\">Read More<\/span><\/a><\/p>\n","protected":false},"author":1,"featured_media":0,"parent":0,"menu_order":0,"comment_status":"closed","ping_status":"closed","template":"","meta":[],"_links":{"self":[{"href":"http:\/\/javor-prijedor.com\/index.php\/wp-json\/wp\/v2\/pages\/1102"}],"collection":[{"href":"http:\/\/javor-prijedor.com\/index.php\/wp-json\/wp\/v2\/pages"}],"about":[{"href":"http:\/\/javor-prijedor.com\/index.php\/wp-json\/wp\/v2\/types\/page"}],"author":[{"embeddable":true,"href":"http:\/\/javor-prijedor.com\/index.php\/wp-json\/wp\/v2\/users\/1"}],"replies":[{"embeddable":true,"href":"http:\/\/javor-prijedor.com\/index.php\/wp-json\/wp\/v2\/comments?post=1102"}],"version-history":[{"count":3,"href":"http:\/\/javor-prijedor.com\/index.php\/wp-json\/wp\/v2\/pages\/1102\/revisions"}],"predecessor-version":[{"id":1157,"href":"http:\/\/javor-prijedor.com\/index.php\/wp-json\/wp\/v2\/pages\/1102\/revisions\/1157"}],"wp:attachment":[{"href":"http:\/\/javor-prijedor.com\/index.php\/wp-json\/wp\/v2\/media?parent=1102"}],"curies":[{"name":"wp","href":"https:\/\/api.w.org\/{rel}","templated":true}]}}